{"id":1857,"date":"2024-02-29T21:45:58","date_gmt":"2024-02-29T18:45:58","guid":{"rendered":"https:\/\/islab.com.tr\/kurullar\/"},"modified":"2024-03-01T13:43:22","modified_gmt":"2024-03-01T10:43:22","slug":"boards","status":"publish","type":"page","link":"https:\/\/www.islab.com.tr\/en\/boards\/","title":{"rendered":"Boards"},"content":{"rendered":"\t\t<div data-elementor-type=\"wp-page\" data-elementor-id=\"1857\" class=\"elementor elementor-1857 elementor-1840\">\n\t\t\t\t\t\t<section class=\"elementor-section elementor-top-section elementor-element elementor-element-82493b5 elementor-section-height-min-height elementor-section-boxed elementor-section-height-default elementor-section-items-middle wpr-particle-no wpr-jarallax-no wpr-parallax-no wpr-sticky-section-no\" data-id=\"82493b5\" data-element_type=\"section\" data-e-type=\"section\" data-settings=\"{&quot;background_background&quot;:&quot;classic&quot;}\">\n\t\t\t\t\t\t\t<div class=\"elementor-background-overlay\"><\/div>\n\t\t\t\t\t\t\t<div class=\"elementor-container elementor-column-gap-default\">\n\t\t\t\t\t<div class=\"elementor-column elementor-col-100 elementor-top-column elementor-element elementor-element-54c4bd7\" data-id=\"54c4bd7\" data-element_type=\"column\" data-e-type=\"column\">\n\t\t\t<div class=\"elementor-widget-wrap elementor-element-populated\">\n\t\t\t\t\t\t<div class=\"elementor-element elementor-element-0f6d05b elementor-widget elementor-widget-heading\" data-id=\"0f6d05b\" data-element_type=\"widget\" data-e-type=\"widget\" data-widget_type=\"heading.default\">\n\t\t\t\t<div class=\"elementor-widget-container\">\n\t\t\t\t\t<h2 class=\"elementor-heading-title elementor-size-default\">Boards<\/h2>\t\t\t\t<\/div>\n\t\t\t\t<\/div>\n\t\t\t\t<div class=\"elementor-element elementor-element-d94b570 elementor-widget elementor-widget-text-editor\" data-id=\"d94b570\" data-element_type=\"widget\" data-e-type=\"widget\" data-widget_type=\"text-editor.default\">\n\t\t\t\t<div class=\"elementor-widget-container\">\n\t\t\t\t\t\t\t\t\t<p>Home \/ \u0130SLAB<\/p>\t\t\t\t\t\t\t\t<\/div>\n\t\t\t\t<\/div>\n\t\t\t\t\t<\/div>\n\t\t<\/div>\n\t\t\t\t\t<\/div>\n\t\t<\/section>\n\t\t<div class=\"elementor-element elementor-element-aab3b63 e-flex e-con-boxed wpr-particle-no wpr-jarallax-no wpr-parallax-no wpr-sticky-section-no e-con e-parent\" data-id=\"aab3b63\" data-element_type=\"container\" data-e-type=\"container\">\n\t\t\t\t\t<div class=\"e-con-inner\">\n\t\t\t\t<div class=\"elementor-element elementor-element-b8556af elementor-widget elementor-widget-spacer\" data-id=\"b8556af\" data-element_type=\"widget\" data-e-type=\"widget\" data-widget_type=\"spacer.default\">\n\t\t\t\t<div class=\"elementor-widget-container\">\n\t\t\t\t\t\t\t<div class=\"elementor-spacer\">\n\t\t\t<div class=\"elementor-spacer-inner\"><\/div>\n\t\t<\/div>\n\t\t\t\t\t\t<\/div>\n\t\t\t\t<\/div>\n\t\t\t\t<div class=\"elementor-element elementor-element-84cd1b2 elementor-widget elementor-widget-image\" data-id=\"84cd1b2\" data-element_type=\"widget\" data-e-type=\"widget\" data-widget_type=\"image.default\">\n\t\t\t\t<div class=\"elementor-widget-container\">\n\t\t\t\t\t\t\t\t\t\t\t\t\t\t\t<img decoding=\"async\" width=\"300\" height=\"72\" src=\"https:\/\/www.islab.com.tr\/wp-content\/uploads\/2024\/02\/duzenleyen-1-300x72.png\" class=\"attachment-medium size-medium wp-image-1881\" alt=\"\" srcset=\"https:\/\/www.islab.com.tr\/wp-content\/uploads\/2024\/02\/duzenleyen-1-300x72.png 300w, https:\/\/www.islab.com.tr\/wp-content\/uploads\/2024\/02\/duzenleyen-1.png 376w\" sizes=\"(max-width: 300px) 100vw, 300px\" \/>\t\t\t\t\t\t\t\t\t\t\t\t\t\t\t<\/div>\n\t\t\t\t<\/div>\n\t\t\t\t<div class=\"elementor-element elementor-element-f8cccf8 elementor-widget elementor-widget-heading\" data-id=\"f8cccf8\" data-element_type=\"widget\" data-e-type=\"widget\" data-widget_type=\"heading.default\">\n\t\t\t\t<div class=\"elementor-widget-container\">\n\t\t\t\t\t<p class=\"elementor-heading-title elementor-size-default\">\u0130stanbul Sa\u011fl\u0131k Y\u00f6neticileri Derne\u011fi<br>\nSerdal ZELYURT<br>\n\u0130SAY Derne\u011fi Ba\u015fkan\u0131\n<\/p>\t\t\t\t<\/div>\n\t\t\t\t<\/div>\n\t\t\t\t\t<\/div>\n\t\t\t\t<\/div>\n\t\t<div class=\"elementor-element elementor-element-97323d4 e-flex e-con-boxed wpr-particle-no wpr-jarallax-no wpr-parallax-no wpr-sticky-section-no e-con e-parent\" data-id=\"97323d4\" data-element_type=\"container\" data-e-type=\"container\">\n\t\t\t\t\t<div class=\"e-con-inner\">\n\t\t\t\t<div class=\"elementor-element elementor-element-1e15328 elementor-widget elementor-widget-spacer\" data-id=\"1e15328\" data-element_type=\"widget\" data-e-type=\"widget\" data-widget_type=\"spacer.default\">\n\t\t\t\t<div class=\"elementor-widget-container\">\n\t\t\t\t\t\t\t<div class=\"elementor-spacer\">\n\t\t\t<div class=\"elementor-spacer-inner\"><\/div>\n\t\t<\/div>\n\t\t\t\t\t\t<\/div>\n\t\t\t\t<\/div>\n\t\t\t\t<div class=\"elementor-element elementor-element-4f53b18 elementor-widget elementor-widget-image\" data-id=\"4f53b18\" data-element_type=\"widget\" data-e-type=\"widget\" data-widget_type=\"image.default\">\n\t\t\t\t<div class=\"elementor-widget-container\">\n\t\t\t\t\t\t\t\t\t\t\t\t\t\t\t<img decoding=\"async\" width=\"300\" height=\"33\" src=\"https:\/\/www.islab.com.tr\/wp-content\/uploads\/2024\/02\/onursal-baskan-1-300x33.png\" class=\"attachment-medium size-medium wp-image-1889\" alt=\"\" srcset=\"https:\/\/www.islab.com.tr\/wp-content\/uploads\/2024\/02\/onursal-baskan-1-300x33.png 300w, https:\/\/www.islab.com.tr\/wp-content\/uploads\/2024\/02\/onursal-baskan-1.png 769w\" sizes=\"(max-width: 300px) 100vw, 300px\" \/>\t\t\t\t\t\t\t\t\t\t\t\t\t\t\t<\/div>\n\t\t\t\t<\/div>\n\t\t\t\t<div class=\"elementor-element elementor-element-b44c13c elementor-widget elementor-widget-heading\" data-id=\"b44c13c\" data-element_type=\"widget\" data-e-type=\"widget\" data-widget_type=\"heading.default\">\n\t\t\t\t<div class=\"elementor-widget-container\">\n\t\t\t\t\t<p class=\"elementor-heading-title elementor-size-default\">Prof. Dr. Kemal Memi\u015fo\u011flu\n<\/p>\t\t\t\t<\/div>\n\t\t\t\t<\/div>\n\t\t\t\t\t<\/div>\n\t\t\t\t<\/div>\n\t\t<div class=\"elementor-element elementor-element-0e9842b e-flex e-con-boxed wpr-particle-no wpr-jarallax-no wpr-parallax-no wpr-sticky-section-no e-con e-parent\" data-id=\"0e9842b\" data-element_type=\"container\" data-e-type=\"container\">\n\t\t\t\t\t<div class=\"e-con-inner\">\n\t\t\t\t<div class=\"elementor-element elementor-element-9a3694e elementor-widget elementor-widget-spacer\" data-id=\"9a3694e\" data-element_type=\"widget\" data-e-type=\"widget\" data-widget_type=\"spacer.default\">\n\t\t\t\t<div class=\"elementor-widget-container\">\n\t\t\t\t\t\t\t<div class=\"elementor-spacer\">\n\t\t\t<div class=\"elementor-spacer-inner\"><\/div>\n\t\t<\/div>\n\t\t\t\t\t\t<\/div>\n\t\t\t\t<\/div>\n\t\t\t\t<div class=\"elementor-element elementor-element-57d35f8 elementor-widget elementor-widget-image\" data-id=\"57d35f8\" data-element_type=\"widget\" data-e-type=\"widget\" data-widget_type=\"image.default\">\n\t\t\t\t<div class=\"elementor-widget-container\">\n\t\t\t\t\t\t\t\t\t\t\t\t\t\t\t<img decoding=\"async\" width=\"300\" height=\"56\" src=\"https:\/\/www.islab.com.tr\/wp-content\/uploads\/2024\/02\/kongre-baskani-1-300x56.png\" class=\"attachment-medium size-medium wp-image-1897\" alt=\"\" srcset=\"https:\/\/www.islab.com.tr\/wp-content\/uploads\/2024\/02\/kongre-baskani-1-300x56.png 300w, https:\/\/www.islab.com.tr\/wp-content\/uploads\/2024\/02\/kongre-baskani-1.png 412w\" sizes=\"(max-width: 300px) 100vw, 300px\" \/>\t\t\t\t\t\t\t\t\t\t\t\t\t\t\t<\/div>\n\t\t\t\t<\/div>\n\t\t\t\t<div class=\"elementor-element elementor-element-a60fa0d elementor-widget elementor-widget-heading\" data-id=\"a60fa0d\" data-element_type=\"widget\" data-e-type=\"widget\" data-widget_type=\"heading.default\">\n\t\t\t\t<div class=\"elementor-widget-container\">\n\t\t\t\t\t<p class=\"elementor-heading-title elementor-size-default\">Do\u00e7. Dr. Cemal KAZEZO\u011eLU<\/p>\t\t\t\t<\/div>\n\t\t\t\t<\/div>\n\t\t\t\t<div class=\"elementor-element elementor-element-94a898c elementor-widget elementor-widget-spacer\" data-id=\"94a898c\" data-element_type=\"widget\" data-e-type=\"widget\" data-widget_type=\"spacer.default\">\n\t\t\t\t<div class=\"elementor-widget-container\">\n\t\t\t\t\t\t\t<div class=\"elementor-spacer\">\n\t\t\t<div class=\"elementor-spacer-inner\"><\/div>\n\t\t<\/div>\n\t\t\t\t\t\t<\/div>\n\t\t\t\t<\/div>\n\t\t\t\t\t<\/div>\n\t\t\t\t<\/div>\n\t\t<div class=\"elementor-element elementor-element-963dd4f e-flex e-con-boxed wpr-particle-no wpr-jarallax-no wpr-parallax-no wpr-sticky-section-no e-con e-parent\" data-id=\"963dd4f\" data-element_type=\"container\" data-e-type=\"container\">\n\t\t\t\t\t<div class=\"e-con-inner\">\n\t\t\t\t<div class=\"elementor-element elementor-element-e325201 elementor-widget elementor-widget-image\" data-id=\"e325201\" data-element_type=\"widget\" data-e-type=\"widget\" data-widget_type=\"image.default\">\n\t\t\t\t<div class=\"elementor-widget-container\">\n\t\t\t\t\t\t\t\t\t\t\t\t\t\t\t<img loading=\"lazy\" decoding=\"async\" width=\"300\" height=\"46\" src=\"https:\/\/www.islab.com.tr\/wp-content\/uploads\/2024\/02\/genel-sekreter-1-300x46.png\" class=\"attachment-medium size-medium wp-image-1905\" alt=\"\" srcset=\"https:\/\/www.islab.com.tr\/wp-content\/uploads\/2024\/02\/genel-sekreter-1-300x46.png 300w, https:\/\/www.islab.com.tr\/wp-content\/uploads\/2024\/02\/genel-sekreter-1.png 538w\" sizes=\"(max-width: 300px) 100vw, 300px\" \/>\t\t\t\t\t\t\t\t\t\t\t\t\t\t\t<\/div>\n\t\t\t\t<\/div>\n\t\t\t\t<div class=\"elementor-element elementor-element-f94b851 elementor-widget elementor-widget-heading\" data-id=\"f94b851\" data-element_type=\"widget\" data-e-type=\"widget\" data-widget_type=\"heading.default\">\n\t\t\t\t<div class=\"elementor-widget-container\">\n\t\t\t\t\t<p class=\"elementor-heading-title elementor-size-default\">Do\u00e7. Dr. Arzu \u0130RVEM\n<\/p>\t\t\t\t<\/div>\n\t\t\t\t<\/div>\n\t\t\t\t<div class=\"elementor-element elementor-element-3d0e284 elementor-widget elementor-widget-spacer\" data-id=\"3d0e284\" data-element_type=\"widget\" data-e-type=\"widget\" data-widget_type=\"spacer.default\">\n\t\t\t\t<div class=\"elementor-widget-container\">\n\t\t\t\t\t\t\t<div class=\"elementor-spacer\">\n\t\t\t<div class=\"elementor-spacer-inner\"><\/div>\n\t\t<\/div>\n\t\t\t\t\t\t<\/div>\n\t\t\t\t<\/div>\n\t\t\t\t\t<\/div>\n\t\t\t\t<\/div>\n\t\t<div class=\"elementor-element elementor-element-c897d7e e-flex e-con-boxed wpr-particle-no wpr-jarallax-no wpr-parallax-no wpr-sticky-section-no e-con e-parent\" data-id=\"c897d7e\" data-element_type=\"container\" data-e-type=\"container\">\n\t\t\t\t\t<div class=\"e-con-inner\">\n\t\t\t\t<div class=\"elementor-element elementor-element-06e4739 elementor-widget elementor-widget-image\" data-id=\"06e4739\" data-element_type=\"widget\" data-e-type=\"widget\" data-widget_type=\"image.default\">\n\t\t\t\t<div class=\"elementor-widget-container\">\n\t\t\t\t\t\t\t\t\t\t\t\t\t\t\t<img loading=\"lazy\" decoding=\"async\" width=\"300\" height=\"56\" src=\"https:\/\/www.islab.com.tr\/wp-content\/uploads\/2024\/02\/duzenleme-kuruli-1-300x56.png\" class=\"attachment-medium size-medium wp-image-1913\" alt=\"\" srcset=\"https:\/\/www.islab.com.tr\/wp-content\/uploads\/2024\/02\/duzenleme-kuruli-1-300x56.png 300w, https:\/\/www.islab.com.tr\/wp-content\/uploads\/2024\/02\/duzenleme-kuruli-1.png 539w\" sizes=\"(max-width: 300px) 100vw, 300px\" \/>\t\t\t\t\t\t\t\t\t\t\t\t\t\t\t<\/div>\n\t\t\t\t<\/div>\n\t\t\t\t\t<\/div>\n\t\t\t\t<\/div>\n\t\t<div class=\"elementor-element elementor-element-b93e791 e-flex e-con-boxed wpr-particle-no wpr-jarallax-no wpr-parallax-no wpr-sticky-section-no e-con e-parent\" data-id=\"b93e791\" data-element_type=\"container\" data-e-type=\"container\">\n\t\t\t\t\t<div class=\"e-con-inner\">\n\t\t<div class=\"elementor-element elementor-element-b341f67 e-con-full e-flex wpr-particle-no wpr-jarallax-no wpr-parallax-no wpr-sticky-section-no e-con e-child\" data-id=\"b341f67\" data-element_type=\"container\" data-e-type=\"container\">\n\t\t\t\t<div class=\"elementor-element elementor-element-4efb308 elementor-widget elementor-widget-heading\" data-id=\"4efb308\" data-element_type=\"widget\" data-e-type=\"widget\" data-widget_type=\"heading.default\">\n\t\t\t\t<div class=\"elementor-widget-container\">\n\t\t\t\t\t<p class=\"elementor-heading-title elementor-size-default\">Prof. Dr. \u00d6zlem \u00c7ak\u0131r Madenci<br>\nProf. Dr. Ferruh Kemal \u0130\u015fman<br>\nDo\u00e7. Dr. Erdin\u00e7 Serin<br>\nProf. Dr. \u00dclk\u00fc Altoparlak<br>\nEcz. Melis Kayk\u0131n<br>\nSeda Kablan\n<\/p>\t\t\t\t<\/div>\n\t\t\t\t<\/div>\n\t\t\t\t<\/div>\n\t\t<div class=\"elementor-element elementor-element-e5f35c3 e-con-full e-flex wpr-particle-no wpr-jarallax-no wpr-parallax-no wpr-sticky-section-no e-con e-child\" data-id=\"e5f35c3\" data-element_type=\"container\" data-e-type=\"container\">\n\t\t\t\t<div class=\"elementor-element elementor-element-0ba0cd4 elementor-widget elementor-widget-heading\" data-id=\"0ba0cd4\" data-element_type=\"widget\" data-e-type=\"widget\" data-widget_type=\"heading.default\">\n\t\t\t\t<div class=\"elementor-widget-container\">\n\t\t\t\t\t<p class=\"elementor-heading-title elementor-size-default\">Uz. Dr. Serap Demir Tekol<br>\nUz. Dr. Kadri Demirel<br>\nDo\u00e7 Dr. \u00c7i\u011fdem Arabac\u0131<br>\nUzm. Dr. \u0130brahim Y\u0131lmaz<br>\nTevfik\u00a0Kesemen<br><\/p>\t\t\t\t<\/div>\n\t\t\t\t<\/div>\n\t\t\t\t<\/div>\n\t\t\t\t\t<\/div>\n\t\t\t\t<\/div>\n\t\t<div class=\"elementor-element elementor-element-a2b7592 e-flex e-con-boxed wpr-particle-no wpr-jarallax-no wpr-parallax-no wpr-sticky-section-no e-con e-parent\" data-id=\"a2b7592\" data-element_type=\"container\" data-e-type=\"container\">\n\t\t\t\t\t<div class=\"e-con-inner\">\n\t\t\t\t<div class=\"elementor-element elementor-element-437c33e elementor-widget elementor-widget-image\" data-id=\"437c33e\" data-element_type=\"widget\" data-e-type=\"widget\" data-widget_type=\"image.default\">\n\t\t\t\t<div class=\"elementor-widget-container\">\n\t\t\t\t\t\t\t\t\t\t\t\t\t\t\t<img loading=\"lazy\" decoding=\"async\" width=\"300\" height=\"59\" src=\"https:\/\/www.islab.com.tr\/wp-content\/uploads\/2024\/03\/bilimsel-kurul-buton-1-300x59.png\" class=\"attachment-medium size-medium wp-image-1954\" alt=\"\" srcset=\"https:\/\/www.islab.com.tr\/wp-content\/uploads\/2024\/03\/bilimsel-kurul-buton-1-300x59.png 300w, https:\/\/www.islab.com.tr\/wp-content\/uploads\/2024\/03\/bilimsel-kurul-buton-1.png 580w\" sizes=\"(max-width: 300px) 100vw, 300px\" \/>\t\t\t\t\t\t\t\t\t\t\t\t\t\t\t<\/div>\n\t\t\t\t<\/div>\n\t\t\t\t\t<\/div>\n\t\t\t\t<\/div>\n\t\t<div class=\"elementor-element elementor-element-22e6dd7 e-flex e-con-boxed wpr-particle-no wpr-jarallax-no wpr-parallax-no wpr-sticky-section-no e-con e-parent\" data-id=\"22e6dd7\" data-element_type=\"container\" data-e-type=\"container\">\n\t\t\t\t\t<div class=\"e-con-inner\">\n\t\t<div class=\"elementor-element elementor-element-adb0b2a e-con-full e-flex wpr-particle-no wpr-jarallax-no wpr-parallax-no wpr-sticky-section-no e-con e-child\" data-id=\"adb0b2a\" data-element_type=\"container\" data-e-type=\"container\">\n\t\t\t\t<div class=\"elementor-element elementor-element-e8c318c elementor-widget elementor-widget-text-editor\" data-id=\"e8c318c\" data-element_type=\"widget\" data-e-type=\"widget\" data-widget_type=\"text-editor.default\">\n\t\t\t\t<div class=\"elementor-widget-container\">\n\t\t\t\t\t\t\t\t\t<table width=\"423\"><tbody><tr><td width=\"64\">1<\/td><td width=\"359\">Prof. Dr. Kemal MEM\u0130\u015eO\u011eLU<\/td><\/tr><tr><td>2<\/td><td>Uzm. Dr. Hasan Basri VEL\u0130O\u011eLU<\/td><\/tr><tr><td>3<\/td><td>Do\u00e7. Dr. Cemal KAZEZO\u011eLU<\/td><\/tr><tr><td>4<\/td><td>Dr. \u00d6mer G\u00dcZEL<\/td><\/tr><tr><td>5<\/td><td>Prof. Dr. \u00d6zkan ALATA\u015e<\/td><\/tr><tr><td>6<\/td><td>Prof. Dr. Banu BAYRAKTAR, D(BMM), FCCM<\/td><\/tr><tr><td>7<\/td><td>Prof. Dr. Dildar KONUKO\u011eLU<\/td><\/tr><tr><td>8<\/td><td>Prof. Dr. Orhan ODABA\u015eI<\/td><\/tr><tr><td>9<\/td><td>Prof. Sultan HAIDER<\/td><\/tr><tr><td>10<\/td><td>Prof. Dr. Muhittin SERDAR<\/td><\/tr><tr><td>11<\/td><td>Uzm. Dr. Cengiz AYDIN<\/td><\/tr><tr><td>12<\/td><td>Do\u00e7. Dr. Deniz \u0130lhan TOP\u00c7U<\/td><\/tr><tr><td>13<\/td><td>Prof. Dr. Ebru AK\u00c7APINAR SEZER<\/td><\/tr><tr><td>14<\/td><td>Uzm. Dr. Kadri DEM\u0130REL<\/td><\/tr><tr><td>15<\/td><td>Prof. Dr. Mustafa SERTESER<\/td><\/tr><tr><td>16<\/td><td>Dr. Erhan PALAO\u011eLU<\/td><\/tr><tr><td>17<\/td><td>Uzm. Dr. Bendigar SUNAR<\/td><\/tr><tr><td>18<\/td><td>Do\u00e7. Dr. Arzu \u0130RVEM<\/td><\/tr><\/tbody><\/table>\t\t\t\t\t\t\t\t<\/div>\n\t\t\t\t<\/div>\n\t\t\t\t<\/div>\n\t\t<div class=\"elementor-element elementor-element-d5702f2 e-con-full e-flex wpr-particle-no wpr-jarallax-no wpr-parallax-no wpr-sticky-section-no e-con e-child\" data-id=\"d5702f2\" data-element_type=\"container\" data-e-type=\"container\">\n\t\t\t\t<div class=\"elementor-element elementor-element-9d2e3b4 elementor-widget elementor-widget-text-editor\" data-id=\"9d2e3b4\" data-element_type=\"widget\" data-e-type=\"widget\" data-widget_type=\"text-editor.default\">\n\t\t\t\t<div class=\"elementor-widget-container\">\n\t\t\t\t\t\t\t\t\t<table width=\"423\"><tbody><tr><td width=\"64\">19<\/td><td width=\"359\">Prof. Dr. Ferruh Kemal \u0130\u015eMAN<\/td><\/tr><tr><td>20<\/td><td>Do\u00e7. Dr. \u00c7i\u011fdem ARABACI<\/td><\/tr><tr><td>21<\/td><td>Do\u00e7. Dr. Abdullah Emre G\u00dcNER<\/td><\/tr><tr><td>22<\/td><td>Prof. Dr. Aykut \u00d6ZDARENDEL\u0130<\/td><\/tr><tr><td>23<\/td><td>Uzm. Dr. Serap DEM\u0130R TEKOL<\/td><\/tr><tr><td>24<\/td><td>Prof. Dr. \u00d6zlem \u00c7AKIR MADENC\u0130<\/td><\/tr><tr><td>25<\/td><td>Prof. Dr. Birsen KARAMAN<\/td><\/tr><tr><td>26<\/td><td>Uzm. Dr. Metin ESER<\/td><\/tr><tr><td>27<\/td><td>Prof. Dr. Zehra Oya UYGUNER<\/td><\/tr><tr><td>28<\/td><td>Prof. Dr. Asuman GED\u0130KBA\u015eI<\/td><\/tr><tr><td>29<\/td><td>Uzm. Dr. Ay\u015feg\u00fcl GEN\u00c7<\/td><\/tr><tr><td>30<\/td><td>Do\u00e7. Dr. \u00d6zben YAL\u00c7IN<\/td><\/tr><tr><td>31<\/td><td>Prof. Dr. S\u00fcheyla UYAR BOZKURT<\/td><\/tr><tr><td>32<\/td><td>Prof. Dr. Halide Nur \u00dcrer<\/td><\/tr><tr><td>33<\/td><td>Prof. Dr. Ali KARAMAN<\/td><\/tr><tr><td>34<\/td><td>Prof. Dr. \u00dclk\u00fc Altoparlak<\/td><\/tr><tr><td>35<\/td><td>Uzm. Dr. \u0130brahim Y\u0131lmaz<\/td><\/tr><tr><td>36<\/td><td>Do\u00e7. Dr. Erdin\u00e7 Serin<\/td><\/tr><\/tbody><\/table>\t\t\t\t\t\t\t\t<\/div>\n\t\t\t\t<\/div>\n\t\t\t\t<\/div>\n\t\t\t\t\t<\/div>\n\t\t\t\t<\/div>\n\t\t\t\t<\/div>\n\t\t","protected":false},"excerpt":{"rendered":"<p>Boards Home \/ \u0130SLAB \u0130stanbul Sa\u011fl\u0131k Y\u00f6neticileri Derne\u011fi Serdal ZELYURT \u0130SAY Derne\u011fi Ba\u015fkan\u0131 Prof. Dr. Kemal Memi\u015fo\u011flu Do\u00e7. Dr. Cemal KAZEZO\u011eLU Do\u00e7. Dr. Arzu \u0130RVEM Prof. Dr. \u00d6zlem \u00c7ak\u0131r Madenci Prof. Dr. Ferruh Kemal \u0130\u015fman Do\u00e7. Dr. Erdin\u00e7 Serin Prof. Dr. \u00dclk\u00fc Altoparlak Ecz. Melis Kayk\u0131n Seda Kablan Uz. Dr. Serap Demir Tekol Uz. Dr. Kadri Demirel Do\u00e7 Dr. \u00c7i\u011fdem Arabac\u0131 Uzm. Dr. \u0130brahim Y\u0131lmaz Tevfik\u00a0Kesemen 1 Prof. Dr. Kemal MEM\u0130\u015eO\u011eLU 2 Uzm. Dr. Hasan Basri VEL\u0130O\u011eLU 3 Do\u00e7. Dr. Cemal KAZEZO\u011eLU 4 Dr. \u00d6mer G\u00dcZEL 5 Prof. Dr. \u00d6zkan ALATA\u015e 6 Prof. Dr. Banu BAYRAKTAR, D(BMM), FCCM 7 Prof. Dr. Dildar KONUKO\u011eLU 8 Prof. Dr. Orhan ODABA\u015eI 9 Prof. Sultan HAIDER 10 Prof. Dr. Muhittin SERDAR 11 Uzm. Dr. Cengiz AYDIN 12 Do\u00e7. Dr. Deniz \u0130lhan TOP\u00c7U 13 Prof. Dr. Ebru AK\u00c7APINAR SEZER 14 Uzm. Dr. Kadri DEM\u0130REL 15 Prof. Dr. Mustafa SERTESER 16 Dr. Erhan PALAO\u011eLU 17 Uzm. Dr. Bendigar SUNAR 18 Do\u00e7. Dr. Arzu \u0130RVEM 19 Prof. Dr. Ferruh Kemal \u0130\u015eMAN 20 Do\u00e7. Dr. \u00c7i\u011fdem ARABACI 21 Do\u00e7. Dr. Abdullah Emre G\u00dcNER 22 Prof. Dr. Aykut \u00d6ZDARENDEL\u0130 23 Uzm. Dr. Serap DEM\u0130R TEKOL 24 Prof. Dr. \u00d6zlem \u00c7AKIR MADENC\u0130 25 Prof. Dr. Birsen KARAMAN 26 Uzm. Dr. Metin ESER 27 Prof. Dr. Zehra Oya UYGUNER 28 Prof. Dr. Asuman GED\u0130KBA\u015eI 29 Uzm. Dr. Ay\u015feg\u00fcl GEN\u00c7 30 Do\u00e7. Dr. \u00d6zben YAL\u00c7IN 31 Prof. Dr. S\u00fcheyla UYAR BOZKURT 32 Prof. Dr. Halide Nur \u00dcrer 33 Prof. Dr. Ali KARAMAN 34 Prof. Dr. \u00dclk\u00fc Altoparlak 35 Uzm. Dr. \u0130brahim Y\u0131lmaz 36 Do\u00e7. Dr. Erdin\u00e7 Serin<\/p>\n","protected":false},"author":1,"featured_media":0,"parent":0,"menu_order":0,"comment_status":"closed","ping_status":"closed","template":"elementor_canvas","meta":{"footnotes":""},"class_list":["post-1857","page","type-page","status-publish","hentry"],"_links":{"self":[{"href":"https:\/\/www.islab.com.tr\/en\/wp-json\/wp\/v2\/pages\/1857","targetHints":{"allow":["GET"]}}],"collection":[{"href":"https:\/\/www.islab.com.tr\/en\/wp-json\/wp\/v2\/pages"}],"about":[{"href":"https:\/\/www.islab.com.tr\/en\/wp-json\/wp\/v2\/types\/page"}],"author":[{"embeddable":true,"href":"https:\/\/www.islab.com.tr\/en\/wp-json\/wp\/v2\/users\/1"}],"replies":[{"embeddable":true,"href":"https:\/\/www.islab.com.tr\/en\/wp-json\/wp\/v2\/comments?post=1857"}],"version-history":[{"count":10,"href":"https:\/\/www.islab.com.tr\/en\/wp-json\/wp\/v2\/pages\/1857\/revisions"}],"predecessor-version":[{"id":1982,"href":"https:\/\/www.islab.com.tr\/en\/wp-json\/wp\/v2\/pages\/1857\/revisions\/1982"}],"wp:attachment":[{"href":"https:\/\/www.islab.com.tr\/en\/wp-json\/wp\/v2\/media?parent=1857"}],"curies":[{"name":"wp","href":"https:\/\/api.w.org\/{rel}","templated":true}]}}